{"id":9926,"date":"2022-10-25T13:05:10","date_gmt":"2022-10-25T11:05:10","guid":{"rendered":"https:\/\/kirbanu.com\/uyv-masterclass\/"},"modified":"2025-08-28T10:11:39","modified_gmt":"2025-08-28T08:11:39","slug":"masterclass","status":"publish","type":"page","link":"https:\/\/kirbanu.com\/de\/masterclass\/","title":{"rendered":"Masterclass Landing Page"},"content":{"rendered":"[vc_row type=&#8220;full_width_content&#8220; full_screen_row_position=&#8220;middle&#8220; column_margin=&#8220;default&#8220; equal_height=&#8220;yes&#8220; content_placement=&#8220;top&#8220; column_direction=&#8220;default&#8220; column_direction_tablet=&#8220;default&#8220; column_direction_phone=&#8220;default&#8220; bg_color=&#8220;#ffffff&#8220; scene_position=&#8220;center&#8220; text_color=&#8220;dark&#8220; text_align=&#8220;left&#8220; row_border_radius=&#8220;none&#8220; row_border_radius_applies=&#8220;bg&#8220; overflow=&#8220;visible&#8220; advanced_gradient_angle=&#8220;0&#8243; overlay_strength=&#8220;0.3&#8243; gradient_direction=&#8220;left_to_right&#8220; shape_divider_position=&#8220;bottom&#8220; bg_image_animation=&#8220;none&#8220; gradient_type=&#8220;default&#8220; shape_type=&#8220;&#8220;][vc_column column_padding=&#8220;padding-10-percent&#8220; column_padding_tablet=&#8220;inherit&#8220; column_padding_phone=&#8220;inherit&#8220; column_padding_position=&#8220;all&#8220; column_element_direction_desktop=&#8220;default&#8220; column_element_spacing=&#8220;default&#8220; desktop_text_alignment=&#8220;default&#8220; tablet_text_alignment=&#8220;default&#8220; phone_text_alignment=&#8220;default&#8220; background_color=&#8220;#fcfaf7&#8243; background_color_opacity=&#8220;1&#8243; background_hover_color_opacity=&#8220;1&#8243; column_backdrop_filter=&#8220;none&#8220; column_shadow=&#8220;none&#8220; column_border_radius=&#8220;none&#8220; column_link_target=&#8220;_self&#8220; column_position=&#8220;default&#8220; advanced_gradient_angle=&#8220;0&#8243; gradient_direction=&#8220;left_to_right&#8220; overlay_strength=&#8220;0.3&#8243; width=&#8220;1\/2&#8243; tablet_width_inherit=&#8220;default&#8220; animation_type=&#8220;default&#8220; bg_image_animation=&#8220;none&#8220; border_type=&#8220;simple&#8220; column_border_width=&#8220;none&#8220; column_border_style=&#8220;solid&#8220; gradient_type=&#8220;default&#8220; column_padding_type=&#8220;default&#8220;][vc_column_text css=&#8220;&#8220; text_direction=&#8220;default&#8220;]\n<div class=\"wpb_text_column wpb_content_element vc_custom_1622114696891\">\n<div class=\"wpb_wrapper\">\n<h6>Die SomaVoice\u00ae Methode<\/h6>\n<h2><em>Befreie deine Stimme!<\/em><b><\/b><\/h2>\n<\/div>\n<\/div>\n[\/vc_column_text][vc_column_text css=&#8220;.vc_custom_1756367958932{margin-top: 20px !important;}&#8220; text_direction=&#8220;default&#8220;]\n<div class=\"wpb_text_column wpb_content_element vc_custom_1622114696891\">\n<div class=\"wpb_wrapper\">Nimm an dieser <strong>kostenlosen<\/strong> <strong>Masterclass<\/strong>\u00a0teil.<\/div>\n<\/div>\n[\/vc_column_text][vc_column_text css=&#8220;.vc_custom_1756368566347{margin-top: 20px !important;}&#8220; text_direction=&#8220;default&#8220;]F\u00fchlst du dich <strong>manchmal blockiert<\/strong> in deiner Stimme \u2013 als w\u00fcrdest du dich zur\u00fcckhalten? W\u00fcnschst du dir, dich <strong>klar, kraftvoll &amp; frei auszudr\u00fccken<\/strong> \u2013 ohne Angst und Anspannung?<\/p>\n<p><span style=\"font-weight: 400;\">Ich bin <a href=\"https:\/\/kirbanu.com\/de\/meine-stimme\/\">Kirbanu<\/a> &#8211; australische Voice Empowerment Coach, S\u00e4ngerin &amp; Gr\u00fcnderin von der SomaVoice\u00ae Methode. In dieser 90-min\u00fctigen <strong>Livestream-Masterclass<\/strong> erf\u00e4hrst du, wie du:<\/span><\/p>\n<ul>\n<li style=\"font-weight: 400;\" aria-level=\"1\"><strong>Deine Stimme aktivierst<\/strong> und dein Nervensystem entspannst<\/li>\n<li style=\"font-weight: 400;\" aria-level=\"1\"><strong>Blockaden l\u00f6st<\/strong>, die dich zur\u00fcckhalten<\/li>\n<li style=\"font-weight: 400;\" aria-level=\"1\"><strong>Sicher auftrittst<\/strong> und deine Stimme verk\u00f6rperst<\/li>\n<li style=\"font-weight: 400;\" aria-level=\"1\">Mit einfachen \u00dcbungen mehr <strong>Ausdruck und Stimmkraft gewinnst<\/strong><\/li>\n<li style=\"font-weight: 400;\" aria-level=\"1\">Dich durch Stimme und Klang wieder tief mit dir selbst verbindest<\/li>\n<\/ul>\n<p><span style=\"font-weight: 400;\">\ud83d\udcab <strong>Deine Stimme ist deine Superkraft<\/strong> \u2013 sei dabei und entdecke, wie du sie klar, authentisch &amp; mit Wirkung einsetzt! <\/span><strong>Jetzt anmelden&#8230;<\/strong><\/p>\n<p><em>Deine Teilnahme an dieser Masterclass ist kostenlos &#8211; Mit deiner Anmeldung erh\u00e4ltst du Zugangsdaten, den Replay-Link sowie weitere Inspirationen per E-Mail. Abmeldung ist jederzeit m\u00f6glich.<\/em>[\/vc_column_text][\/vc_column][vc_column column_padding=&#8220;padding-10-percent&#8220; column_padding_tablet=&#8220;inherit&#8220; column_padding_phone=&#8220;inherit&#8220; column_padding_position=&#8220;all&#8220; column_element_direction_desktop=&#8220;default&#8220; column_element_spacing=&#8220;default&#8220; desktop_text_alignment=&#8220;default&#8220; tablet_text_alignment=&#8220;default&#8220; phone_text_alignment=&#8220;default&#8220; background_color_opacity=&#8220;1&#8243; background_hover_color_opacity=&#8220;1&#8243; background_image=&#8220;17088&#8243; background_image_position=&#8220;center center&#8220; background_image_stacking=&#8220;default&#8220; enable_bg_scale=&#8220;true&#8220; background_image_loading=&#8220;default&#8220; column_backdrop_filter=&#8220;none&#8220; font_color=&#8220;#ffffff&#8220; column_shadow=&#8220;none&#8220; column_border_radius=&#8220;none&#8220; column_link_target=&#8220;_self&#8220; column_position=&#8220;default&#8220; color_overlay=&#8220;#ff7c7c&#8220; advanced_gradient_angle=&#8220;0&#8243; gradient_direction=&#8220;left_to_right&#8220; overlay_strength=&#8220;0.8&#8243; width=&#8220;1\/2&#8243; tablet_width_inherit=&#8220;default&#8220; animation_type=&#8220;default&#8220; bg_image_animation=&#8220;none&#8220; border_type=&#8220;simple&#8220; column_border_width=&#8220;none&#8220; column_border_style=&#8220;solid&#8220; gradient_type=&#8220;default&#8220; column_padding_type=&#8220;default&#8220;][vc_row_inner column_margin=&#8220;default&#8220; column_direction=&#8220;default&#8220; column_direction_tablet=&#8220;default&#8220; column_direction_phone=&#8220;default&#8220; text_align=&#8220;left&#8220; row_position=&#8220;default&#8220; row_position_tablet=&#8220;inherit&#8220; row_position_phone=&#8220;inherit&#8220; overflow=&#8220;visible&#8220; pointer_events=&#8220;all&#8220;][vc_column_inner column_padding=&#8220;no-extra-padding&#8220; column_padding_tablet=&#8220;inherit&#8220; column_padding_phone=&#8220;inherit&#8220; column_padding_position=&#8220;all&#8220; column_element_direction_desktop=&#8220;default&#8220; column_element_spacing=&#8220;default&#8220; centered_text=&#8220;true&#8220; desktop_text_alignment=&#8220;default&#8220; tablet_text_alignment=&#8220;default&#8220; phone_text_alignment=&#8220;default&#8220; background_color_opacity=&#8220;1&#8243; background_hover_color_opacity=&#8220;1&#8243; column_backdrop_filter=&#8220;none&#8220; column_shadow=&#8220;none&#8220; column_border_radius=&#8220;none&#8220; column_link_target=&#8220;_self&#8220; overflow=&#8220;visible&#8220; advanced_gradient_angle=&#8220;0&#8243; gradient_direction=&#8220;left_to_right&#8220; overlay_strength=&#8220;0.3&#8243; width=&#8220;1\/1&#8243; tablet_width_inherit=&#8220;default&#8220; animation_type=&#8220;default&#8220; bg_image_animation=&#8220;none&#8220; border_type=&#8220;simple&#8220; column_border_width=&#8220;none&#8220; column_border_style=&#8220;solid&#8220; gradient_type=&#8220;default&#8220;][vc_column_text]<div class=\"hurrytimer-cdt hurrytimer-cdt--9854 hurrytimer-campaign hurryt-loading hurrytimer-campaign-9854\" data-config=\"{&quot;id&quot;:9854,&quot;run_in_background&quot;:false,&quot;sticky&quot;:false,&quot;product_ids&quot;:[],&quot;actions&quot;:[{&quot;id&quot;:2,&quot;redirectUrl&quot;:&quot;&quot;,&quot;message&quot;:&quot;&quot;,&quot;coupon&quot;:&quot;&quot;,&quot;wcStockStatus&quot;:&quot;instock&quot;}],&quot;template&quot;:&quot;&lt;div class=\\&quot;hurrytimer-timer-block hurrytimer-cdt__dur\\&quot;&gt;&lt;div class=\\&quot;hurrytimer-timer-digit hurrytimer-cdt__time\\&quot;&gt;%D&lt;\\\/div&gt;&lt;div class=\\&quot;hurrytimer-timer-label hurrytimer-cdt__label\\&quot; &gt;Tage&lt;\\\/div&gt;&lt;\\\/div&gt;&lt;div class=\\&quot;hurrytimer-cdt__sep hurrytimer-timer-sep\\&quot;&gt;:&lt;\\\/div&gt;&lt;div class=\\&quot;hurrytimer-timer-block hurrytimer-cdt__dur\\&quot;&gt;&lt;div class=\\&quot;hurrytimer-timer-digit hurrytimer-cdt__time\\&quot;&gt;%H&lt;\\\/div&gt;&lt;div class=\\&quot;hurrytimer-timer-label hurrytimer-cdt__label\\&quot; &gt;Std.&lt;\\\/div&gt;&lt;\\\/div&gt;&lt;div class=\\&quot;hurrytimer-cdt__sep hurrytimer-timer-sep\\&quot;&gt;:&lt;\\\/div&gt;&lt;div class=\\&quot;hurrytimer-timer-block hurrytimer-cdt__dur\\&quot;&gt;&lt;div class=\\&quot;hurrytimer-timer-digit hurrytimer-cdt__time\\&quot;&gt;%M&lt;\\\/div&gt;&lt;div class=\\&quot;hurrytimer-timer-label hurrytimer-cdt__label\\&quot; &gt;Min.&lt;\\\/div&gt;&lt;\\\/div&gt;&lt;div class=\\&quot;hurrytimer-cdt__sep hurrytimer-timer-sep\\&quot;&gt;:&lt;\\\/div&gt;&lt;div class=\\&quot;hurrytimer-timer-block hurrytimer-cdt__dur\\&quot;&gt;&lt;div class=\\&quot;hurrytimer-timer-digit hurrytimer-cdt__time\\&quot;&gt;%S&lt;\\\/div&gt;&lt;div class=\\&quot;hurrytimer-timer-label hurrytimer-cdt__label\\&quot; &gt;Sek.&lt;\\\/div&gt;&lt;\\\/div&gt;&quot;,&quot;methods&quot;:[1,2],&quot;mode&quot;:&quot;one_time&quot;,&quot;sticky_bar_hide_timeout&quot;:7,&quot;recurr&quot;:false,&quot;timeToNextRecurrence&quot;:0,&quot;isRegular&quot;:true,&quot;endDate&quot;:1682355600000}\" ><div class=\"hurrytimer-cdt__inner hurrytimer-timer\"><\/div><\/div>[\/vc_column_text][\/vc_column_inner][\/vc_row_inner][vc_row_inner column_margin=&#8220;default&#8220; column_direction=&#8220;default&#8220; column_direction_tablet=&#8220;default&#8220; column_direction_phone=&#8220;default&#8220; top_padding=&#8220;10&#8243; bottom_padding=&#8220;10&#8243; left_padding_desktop=&#8220;10&#8243; right_padding_desktop=&#8220;10&#8243; text_align=&#8220;left&#8220; row_position=&#8220;default&#8220; row_position_tablet=&#8220;inherit&#8220; row_position_phone=&#8220;inherit&#8220; overflow=&#8220;visible&#8220; pointer_events=&#8220;all&#8220; css=&#8220;.vc_custom_1666352958335{margin-top: 20px !important;border-top-width: 2px !important;border-right-width: 2px !important;border-bottom-width: 2px !important;border-left-width: 2px !important;border-left-color: #ffffff !important;border-left-style: solid !important;border-right-color: #ffffff !important;border-right-style: solid !important;border-top-color: #ffffff !important;border-top-style: solid !important;border-bottom-color: #ffffff !important;border-bottom-style: solid !important;}&#8220;][vc_column_inner column_padding=&#8220;padding-2-percent&#8220; column_padding_tablet=&#8220;inherit&#8220; column_padding_phone=&#8220;inherit&#8220; column_padding_position=&#8220;all&#8220; column_element_direction_desktop=&#8220;default&#8220; column_element_spacing=&#8220;default&#8220; desktop_text_alignment=&#8220;default&#8220; tablet_text_alignment=&#8220;default&#8220; phone_text_alignment=&#8220;default&#8220; background_color_opacity=&#8220;1&#8243; background_hover_color_opacity=&#8220;1&#8243; column_backdrop_filter=&#8220;none&#8220; font_color=&#8220;#ffffff&#8220; column_shadow=&#8220;none&#8220; column_border_radius=&#8220;none&#8220; column_link_target=&#8220;_self&#8220; overflow=&#8220;visible&#8220; advanced_gradient_angle=&#8220;0&#8243; gradient_direction=&#8220;left_to_right&#8220; overlay_strength=&#8220;0.3&#8243; width=&#8220;1\/1&#8243; tablet_width_inherit=&#8220;default&#8220; animation_type=&#8220;default&#8220; bg_image_animation=&#8220;none&#8220; border_type=&#8220;simple&#8220; column_border_width=&#8220;none&#8220; column_border_style=&#8220;solid&#8220; gradient_type=&#8220;default&#8220;]<div class=\"iwithtext\"><div class=\"iwt-icon\"> <i class=\"icon-default-style fa fa-calendar extra-color-3\"><\/i> <\/div><div class=\"iwt-text\"> 09. September 2025 <\/div><div class=\"clear\"><\/div><\/div><div class=\"iwithtext\"><div class=\"iwt-icon\"> <i class=\"icon-default-style fa fa-clock-o extra-color-3\"><\/i> <\/div><div class=\"iwt-text\"> 19:00 Uhr <\/div><div class=\"clear\"><\/div><\/div>[vc_column_text css=&#8220;.vc_custom_1680519240945{padding-bottom: 10px !important;}&#8220;]\n<div class=\"wpb_text_column wpb_content_element vc_custom_1622114696891\">\n<p class=\"wpb_wrapper\">Die Pl\u00e4tze sind begrenzt, verpasse diese einmalige Chance nicht!<\/p>\n<p>Wenn du nicht beim Livestream dabei sein kannst, bekommst du die Aufzeichnung direkt im Anschluss zugeschickt.<\/p>\n<\/div>\n[\/vc_column_text][vc_column_text css=&#8220;.vc_custom_1681483564166{margin-top: 20px !important;}&#8220;]<script>(function() {\n\twindow.mc4wp = window.mc4wp || {\n\t\tlisteners: [],\n\t\tforms: {\n\t\t\ton: function(evt, cb) {\n\t\t\t\twindow.mc4wp.listeners.push(\n\t\t\t\t\t{\n\t\t\t\t\t\tevent   : evt,\n\t\t\t\t\t\tcallback: cb\n\t\t\t\t\t}\n\t\t\t\t);\n\t\t\t}\n\t\t}\n\t}\n})();\n<\/script><!-- Mailchimp for WordPress v4.11.1 - https:\/\/wordpress.org\/plugins\/mailchimp-for-wp\/ --><form id=\"mc4wp-form-1\" class=\"mc4wp-form mc4wp-form-9949 mc4wp-ajax\" method=\"post\" data-id=\"9949\" data-name=\"SomaVoice Masterclass DE\" ><div class=\"mc4wp-form-fields\"><div style=\"text-align:center;\">\r\n  <p>\r\n\t\t<input type=\"email\" class=\"light\" name=\"EMAIL\" placeholder=\"Deine E-Mail Adresse\" required \/>\r\n<\/p>\r\n\r\n<p>\r\n\t<input type=\"submit\" class=\"light nectar-button large regular accent-color regular-button\" value=\"Jetzt anmelden\" \/>\r\n<\/p>\r\n<\/div><\/div><label style=\"display: none !important;\">Wenn du ein Mensch bist, lasse das Feld leer: <input type=\"text\" name=\"_mc4wp_honeypot\" value=\"\" tabindex=\"-1\" autocomplete=\"off\" \/><\/label><input type=\"hidden\" name=\"_mc4wp_timestamp\" value=\"1777376764\" \/><input type=\"hidden\" name=\"_mc4wp_form_id\" value=\"9949\" \/><input type=\"hidden\" name=\"_mc4wp_form_element_id\" value=\"mc4wp-form-1\" \/><div class=\"mc4wp-response\"><\/div><\/form><!-- \/ Mailchimp for WordPress Plugin -->[\/vc_column_text][vc_column_text css=&#8220;.vc_custom_1756367900377{margin-top: 40px !important;}&#8220; text_direction=&#8220;default&#8220;]Indem du dich anmeldest, stimmst du den\u00a0<a href=\"https:\/\/calendly.com\/url?q=https%3A%2F%2Fkirbanu.com%2Fde%2Fagb%2F&amp;user_uuid=AAHHEKOM2Y3MELY7&amp;stage=1&amp;hmac=b017836977d010d2087074c0a4f21f85c672dab78a92e4a8df8df41ac18bd2cb\" target=\"_blank\" rel=\"noopener\">AGB<\/a>,\u00a0<a href=\"https:\/\/calendly.com\/url?q=https%3A%2F%2Fkirbanu.com%2Fprivacy%2F&amp;user_uuid=AAHHEKOM2Y3MELY7&amp;stage=1&amp;hmac=3421fd32da36ba6afbbe2c5c48a7d6350497f10847677b1477fe9ac06eb73481\">Datenschutz<\/a>\u00a0und\u00a0<a href=\"https:\/\/calendly.com\/url?q=https%3A%2F%2Fkirbanu.com%2Fde%2Fwiderrufsbelehrung%2F&amp;user_uuid=AAHHEKOM2Y3MELY7&amp;stage=1&amp;hmac=ec2ac30d5c1aff28265de6da8538c099fd4598262b59ed4f44556f8d8380d115\" target=\"_blank\" rel=\"noopener\">Widerrufsbedingungen<\/a> zu und meldest dich f\u00fcr den Newsletter von Kirbanu an. Abmeldung ist jederzeit m\u00f6glich.[\/vc_column_text][\/vc_column_inner][\/vc_row_inner][\/vc_column][\/vc_row][vc_row type=&#8220;full_width_background&#8220; full_screen_row_position=&#8220;middle&#8220; column_margin=&#8220;default&#8220; equal_height=&#8220;yes&#8220; column_direction=&#8220;default&#8220; column_direction_tablet=&#8220;default&#8220; column_direction_phone=&#8220;default&#8220; bg_color=&#8220;#232323&#8243; scene_position=&#8220;center&#8220; top_padding=&#8220;50&#8243; bottom_padding=&#8220;80&#8243; top_margin=&#8220;0&#8243; bottom_margin=&#8220;0&#8243; text_color=&#8220;light&#8220; text_align=&#8220;center&#8220; row_border_radius=&#8220;none&#8220; row_border_radius_applies=&#8220;bg&#8220; overflow=&#8220;visible&#8220; advanced_gradient_angle=&#8220;0&#8243; overlay_strength=&#8220;0.3&#8243; gradient_direction=&#8220;left_to_right&#8220; shape_divider_position=&#8220;bottom&#8220; bg_image_animation=&#8220;none&#8220; gradient_type=&#8220;default&#8220; shape_type=&#8220;&#8220;][vc_column column_padding=&#8220;no-extra-padding&#8220; column_padding_tablet=&#8220;inherit&#8220; column_padding_phone=&#8220;inherit&#8220; column_padding_position=&#8220;all&#8220; column_element_direction_desktop=&#8220;default&#8220; column_element_spacing=&#8220;default&#8220; desktop_text_alignment=&#8220;default&#8220; tablet_text_alignment=&#8220;default&#8220; phone_text_alignment=&#8220;default&#8220; background_color_opacity=&#8220;1&#8243; background_hover_color_opacity=&#8220;1&#8243; column_backdrop_filter=&#8220;none&#8220; column_shadow=&#8220;none&#8220; column_border_radius=&#8220;none&#8220; column_link_target=&#8220;_self&#8220; column_position=&#8220;default&#8220; gradient_direction=&#8220;left_to_right&#8220; overlay_strength=&#8220;0.3&#8243; width=&#8220;1\/1&#8243; tablet_width_inherit=&#8220;default&#8220; animation_type=&#8220;default&#8220; bg_image_animation=&#8220;none&#8220; border_type=&#8220;simple&#8220; column_border_width=&#8220;none&#8220; column_border_style=&#8220;solid&#8220;][vc_column_text css=&#8220;&#8220; text_direction=&#8220;default&#8220;]\n<h6><a href=\"https:\/\/kirbanu.com\/imprint\/\">Imprint<\/a> \u00a0 \u00a0<a href=\"https:\/\/kirbanu.com\/de\/agb\/\" target=\"_blank\" rel=\"noopener\">AGB<\/a>\u00a0 \u00a0 <a href=\"https:\/\/kirbanu.com\/de\/datenschutz\/\" target=\"_blank\" rel=\"noopener\">Datenschutz<\/a>\u00a0 \u00a0 <a href=\"https:\/\/kirbanu.com\/de\/widerrufsbelehrung\/\" target=\"_blank\" rel=\"noopener\">Widerrufsbedingungen<\/a>\u00a0 \u00a0\u00a9 2025 Kirbanu<\/h6>\n[\/vc_column_text][\/vc_column][\/vc_row]\n","protected":false},"excerpt":{"rendered":"<p>[vc_row type=&#8220;full_width_content&#8220; full_screen_row_position=&#8220;middle&#8220; column_margin=&#8220;default&#8220; equal_height=&#8220;yes&#8220; content_placement=&#8220;top&#8220; column_direction=&#8220;default&#8220; column_direction_tablet=&#8220;default&#8220; column_direction_phone=&#8220;default&#8220; bg_color=&#8220;#ffffff&#8220; scene_position=&#8220;center&#8220; text_color=&#8220;dark&#8220; text_align=&#8220;left&#8220; row_border_radius=&#8220;none&#8220; row_border_radius_applies=&#8220;bg&#8220; overflow=&#8220;visible&#8220; advanced_gradient_angle=&#8220;0&#8243; overlay_strength=&#8220;0.3&#8243; gradient_direction=&#8220;left_to_right&#8220; shape_divider_position=&#8220;bottom&#8220; bg_image_animation=&#8220;none&#8220; gradient_type=&#8220;default&#8220; shape_type=&#8220;&#8220;][vc_column column_padding=&#8220;padding-10-percent&#8220; column_padding_tablet=&#8220;inherit&#8220; column_padding_phone=&#8220;inherit&#8220; column_padding_position=&#8220;all&#8220; column_element_direction_desktop=&#8220;default&#8220; column_element_spacing=&#8220;default&#8220; desktop_text_alignment=&#8220;default&#8220;&#8230;<\/p>\n","protected":false},"author":1,"featured_media":0,"parent":0,"menu_order":0,"comment_status":"closed","ping_status":"closed","template":"template-no-header-footer.php","meta":{"footnotes":"","_links_to":"","_links_to_target":""},"class_list":["post-9926","page","type-page","status-publish"],"_links":{"self":[{"href":"https:\/\/kirbanu.com\/de\/wp-json\/wp\/v2\/pages\/9926","targetHints":{"allow":["GET"]}}],"collection":[{"href":"https:\/\/kirbanu.com\/de\/wp-json\/wp\/v2\/pages"}],"about":[{"href":"https:\/\/kirbanu.com\/de\/wp-json\/wp\/v2\/types\/page"}],"author":[{"embeddable":true,"href":"https:\/\/kirbanu.com\/de\/wp-json\/wp\/v2\/users\/1"}],"replies":[{"embeddable":true,"href":"https:\/\/kirbanu.com\/de\/wp-json\/wp\/v2\/comments?post=9926"}],"version-history":[{"count":30,"href":"https:\/\/kirbanu.com\/de\/wp-json\/wp\/v2\/pages\/9926\/revisions"}],"predecessor-version":[{"id":17091,"href":"https:\/\/kirbanu.com\/de\/wp-json\/wp\/v2\/pages\/9926\/revisions\/17091"}],"wp:attachment":[{"href":"https:\/\/kirbanu.com\/de\/wp-json\/wp\/v2\/media?parent=9926"}],"curies":[{"name":"wp","href":"https:\/\/api.w.org\/{rel}","templated":true}]}}