{"id":9175,"date":"2022-08-03T12:44:25","date_gmt":"2022-08-03T10:44:25","guid":{"rendered":"https:\/\/kirbanu.com\/?page_id=9175"},"modified":"2026-04-07T09:16:43","modified_gmt":"2026-04-07T07:16:43","slug":"online-stimmkurs-zugang","status":"publish","type":"page","link":"https:\/\/kirbanu.com\/de\/online-stimmkurs-zugang\/","title":{"rendered":"Kostenfrei Stimmkurs Zugang"},"content":{"rendered":"[vc_row type=&#8220;in_container&#8220; full_screen_row_position=&#8220;middle&#8220; column_margin=&#8220;default&#8220; column_direction=&#8220;default&#8220; column_direction_tablet=&#8220;default&#8220; column_direction_phone=&#8220;default&#8220; scene_position=&#8220;center&#8220; top_padding=&#8220;60&#8243; text_color=&#8220;dark&#8220; text_align=&#8220;left&#8220; row_border_radius=&#8220;none&#8220; row_border_radius_applies=&#8220;bg&#8220; overflow=&#8220;visible&#8220; overlay_strength=&#8220;0.3&#8243; gradient_direction=&#8220;left_to_right&#8220; shape_divider_position=&#8220;bottom&#8220; bg_image_animation=&#8220;none&#8220; shape_type=&#8220;&#8220; gradient_type=&#8220;default&#8220;][vc_column column_padding=&#8220;no-extra-padding&#8220; column_padding_tablet=&#8220;inherit&#8220; column_padding_phone=&#8220;inherit&#8220; column_padding_position=&#8220;all&#8220; column_element_direction_desktop=&#8220;default&#8220; column_element_spacing=&#8220;default&#8220; desktop_text_alignment=&#8220;default&#8220; tablet_text_alignment=&#8220;default&#8220; phone_text_alignment=&#8220;default&#8220; background_color_opacity=&#8220;1&#8243; background_hover_color_opacity=&#8220;1&#8243; column_backdrop_filter=&#8220;none&#8220; column_shadow=&#8220;none&#8220; column_border_radius=&#8220;none&#8220; column_link_target=&#8220;_self&#8220; column_position=&#8220;default&#8220; gradient_direction=&#8220;left_to_right&#8220; overlay_strength=&#8220;0.3&#8243; width=&#8220;1\/1&#8243; tablet_width_inherit=&#8220;default&#8220; animation_type=&#8220;default&#8220; bg_image_animation=&#8220;none&#8220; border_type=&#8220;simple&#8220; column_border_width=&#8220;none&#8220; column_border_style=&#8220;solid&#8220;][vc_column_text css=&#8220;.vc_custom_1675861015552{margin-top: 50px !important;margin-bottom: 20px !important;}&#8220; el_id=&#8220;start&#8220;]\n<h6><span style=\"color: #999999;\">Befreie deine Stimme!<\/span><\/h6>\n<h2>Zugang du dem Stimmkurs<\/h2>\n[\/vc_column_text][vc_column_text css=&#8220;.vc_custom_1659521946483{border-bottom-width: 20px !important;}&#8220; el_class=&#8220;copy&#8220;]Sch\u00f6ne, dass du dabei bist! Ich freue mich, mein Wissen \u00fcber die Stimme und Selbst-Darstellung mit dir zu teilen. Dieser Kurs ist die Videowiedergabe der Live-Sitzung \u00fcber Zoom, die 2022 stattfand. Du kannst sofort loslegen, indem du dir das folgende Video ansiehst.<\/p>\n<p>Um das zugeh\u00f6rige Arbeitsbuch zu herunterladen, klicke auf die gelbe Schaltfl\u00e4che unter dem Video :)[\/vc_column_text][vc_video link=&#8220;https:\/\/youtu.be\/ejPIMfEFQ6I&#8220; align=&#8220;center&#8220; css=&#8220;&#8220;][nectar_btn size=&#8220;jumbo&#8220; open_new_tab=&#8220;true&#8220; button_style=&#8220;regular-tilt&#8220; button_color=&#8220;Accent-Color&#8220; color_override=&#8220;#f0c36a&#8220; icon_family=&#8220;default_arrow&#8220; text=&#8220;Lade dein Stimmbuch herunter&#8220; margin_top=&#8220;10&#8243; margin_bottom=&#8220;10&#8243; url=&#8220;https:\/\/drive.google.com\/file\/d\/1UEls61AZBPkVAGxmqdiJXq3Orf3_MS2-\/view?usp=sharing&#8220; css_animation=&#8220;bounce&#8220;][vc_column_text css=&#8220;.vc_custom_1739940129308{margin-top: 25px !important;border-bottom-width: 25px !important;padding-top: 25px !important;}&#8220; el_class=&#8220;copy&#8220; text_direction=&#8220;default&#8220;]\n<h2>Buche dein kostenloses Coaching<\/h2>\n<p>Zus\u00e4tzlich zu diesem informativen Guide kannst du ein <a href=\"https:\/\/calendly.com\/kirbanu\/kennenlernen-call\" target=\"_blank\" rel=\"noopener\">kostenloses 1:1 Voice Coaching<\/a> mit mir buchen, in dem du:<\/p>\n<ul>\n<li>Direktes Feedback zu deinen stimmlichen Herausforderungen erh\u00e4ltst<\/li>\n<li>Gezielte \u00dcbungen bekommst, um sie zu \u00fcberwinden<\/li>\n<li>Einblicke in deine einzigartige Stimme gewinnst, f\u00fcr mehr Klarheit und Selbstvertrauen<\/li>\n<li>Optional einen Coaching-Plan erh\u00e4ltst, der auf deine individuellen Bed\u00fcrfnisse zugeschnitten ist<\/li>\n<\/ul>\n<p>Buche hier deine unverbindliche, <a href=\"https:\/\/calendly.com\/kirbanu\/kennenlernen-call\" target=\"_blank\" rel=\"noopener\">kostenlose 1:1 Voice Empowerment<\/a> Session.[\/vc_column_text][nectar_btn size=&#8220;jumbo&#8220; open_new_tab=&#8220;true&#8220; button_style=&#8220;regular-tilt&#8220; button_color=&#8220;Accent-Color&#8220; color_override=&#8220;#f0c36a&#8220; icon_family=&#8220;default_arrow&#8220; text=&#8220;Buche dein kostenloses Coaching&#8220; margin_top=&#8220;10&#8243; margin_bottom=&#8220;10&#8243; url=&#8220;https:\/\/calendly.com\/kirbanu\/kennenlernen-call&#8220; css_animation=&#8220;bounce&#8220;][nectar_global_section id=&#8220;10801&#8243;][\/vc_column][\/vc_row]\n","protected":false},"excerpt":{"rendered":"<p>[vc_row type=&#8220;in_container&#8220; full_screen_row_position=&#8220;middle&#8220; column_margin=&#8220;default&#8220; column_direction=&#8220;default&#8220; column_direction_tablet=&#8220;default&#8220; column_direction_phone=&#8220;default&#8220; scene_position=&#8220;center&#8220; top_padding=&#8220;60&#8243; text_color=&#8220;dark&#8220; text_align=&#8220;left&#8220; row_border_radius=&#8220;none&#8220; row_border_radius_applies=&#8220;bg&#8220; overflow=&#8220;visible&#8220; overlay_strength=&#8220;0.3&#8243; gradient_direction=&#8220;left_to_right&#8220; shape_divider_position=&#8220;bottom&#8220; bg_image_animation=&#8220;none&#8220; shape_type=&#8220;&#8220; gradient_type=&#8220;default&#8220;][vc_column column_padding=&#8220;no-extra-padding&#8220; column_padding_tablet=&#8220;inherit&#8220; column_padding_phone=&#8220;inherit&#8220; column_padding_position=&#8220;all&#8220; column_element_direction_desktop=&#8220;default&#8220; column_element_spacing=&#8220;default&#8220; desktop_text_alignment=&#8220;default&#8220; tablet_text_alignment=&#8220;default&#8220; phone_text_alignment=&#8220;default&#8220; background_color_opacity=&#8220;1&#8243;&#8230;<\/p>\n","protected":false},"author":1,"featured_media":0,"parent":0,"menu_order":0,"comment_status":"closed","ping_status":"closed","template":"","meta":{"footnotes":"","_links_to":"","_links_to_target":""},"class_list":["post-9175","page","type-page","status-publish"],"_links":{"self":[{"href":"https:\/\/kirbanu.com\/de\/wp-json\/wp\/v2\/pages\/9175","targetHints":{"allow":["GET"]}}],"collection":[{"href":"https:\/\/kirbanu.com\/de\/wp-json\/wp\/v2\/pages"}],"about":[{"href":"https:\/\/kirbanu.com\/de\/wp-json\/wp\/v2\/types\/page"}],"author":[{"embeddable":true,"href":"https:\/\/kirbanu.com\/de\/wp-json\/wp\/v2\/users\/1"}],"replies":[{"embeddable":true,"href":"https:\/\/kirbanu.com\/de\/wp-json\/wp\/v2\/comments?post=9175"}],"version-history":[{"count":16,"href":"https:\/\/kirbanu.com\/de\/wp-json\/wp\/v2\/pages\/9175\/revisions"}],"predecessor-version":[{"id":17934,"href":"https:\/\/kirbanu.com\/de\/wp-json\/wp\/v2\/pages\/9175\/revisions\/17934"}],"wp:attachment":[{"href":"https:\/\/kirbanu.com\/de\/wp-json\/wp\/v2\/media?parent=9175"}],"curies":[{"name":"wp","href":"https:\/\/api.w.org\/{rel}","templated":true}]}}