{"id":17046,"date":"2025-08-25T17:09:01","date_gmt":"2025-08-25T15:09:01","guid":{"rendered":"https:\/\/kirbanu.com\/?page_id=17046"},"modified":"2025-08-25T17:11:48","modified_gmt":"2025-08-25T15:11:48","slug":"widerrufsbelehrung","status":"publish","type":"page","link":"https:\/\/kirbanu.com\/de\/widerrufsbelehrung\/","title":{"rendered":"Widerrufsbelehrung"},"content":{"rendered":"[vc_row type=&#8220;in_container&#8220; full_screen_row_position=&#8220;middle&#8220; column_margin=&#8220;default&#8220; column_direction=&#8220;default&#8220; column_direction_tablet=&#8220;default&#8220; column_direction_phone=&#8220;default&#8220; scene_position=&#8220;center&#8220; text_color=&#8220;dark&#8220; text_align=&#8220;left&#8220; row_border_radius=&#8220;none&#8220; row_border_radius_applies=&#8220;bg&#8220; overflow=&#8220;visible&#8220; overlay_strength=&#8220;0.3&#8243; gradient_direction=&#8220;left_to_right&#8220; shape_divider_position=&#8220;bottom&#8220; bg_image_animation=&#8220;none&#8220;][vc_column column_padding=&#8220;no-extra-padding&#8220; column_padding_tablet=&#8220;inherit&#8220; column_padding_phone=&#8220;inherit&#8220; column_padding_position=&#8220;all&#8220; column_element_direction_desktop=&#8220;default&#8220; column_element_spacing=&#8220;default&#8220; desktop_text_alignment=&#8220;default&#8220; tablet_text_alignment=&#8220;default&#8220; phone_text_alignment=&#8220;default&#8220; background_color_opacity=&#8220;1&#8243; background_hover_color_opacity=&#8220;1&#8243; column_backdrop_filter=&#8220;none&#8220; column_shadow=&#8220;none&#8220; column_border_radius=&#8220;none&#8220; column_link_target=&#8220;_self&#8220; column_position=&#8220;default&#8220; gradient_direction=&#8220;left_to_right&#8220; overlay_strength=&#8220;0.3&#8243; width=&#8220;1\/1&#8243; tablet_width_inherit=&#8220;default&#8220; animation_type=&#8220;default&#8220; bg_image_animation=&#8220;none&#8220; border_type=&#8220;simple&#8220; column_border_width=&#8220;none&#8220; column_border_style=&#8220;solid&#8220;][vc_column_text css=&#8220;&#8220; text_direction=&#8220;default&#8220;]\n<h2>Widerrufsbelehrung<\/h2>\n<h3><\/h3>\n<h3>Widerrufsrecht<\/h3>\n<p>Sie haben das Recht, binnen 14 Tagen ohne Angabe von Gr\u00fcnden diesen Vertrag zu widerrufen.<\/p>\n<p>Die Widerrufsfrist betr\u00e4gt 14 Tage ab dem Tag des Vertragsabschlusses. Der Vertrag kommt zustande, sobald Sie von uns eine Best\u00e4tigungs-E-Mail erhalten haben.<\/p>\n<p>Um Ihr Widerrufsrecht auszu\u00fcben, m\u00fcssen Sie uns Nicole Kirbanu Klein, Langstra\u00dfe 42A, 68169 Mannheim, Telefon 0176 89071320, E-Mail: &#x68;&#x65;&#x6c;&#x6c;&#x6f;&#x40;&#x6b;&#x69;&#x72;&#x62;&#x61;&#x6e;&#x75;&#x2e;&#x63;&#x6f;&#x6d;<br \/>\nmittels einer eindeutigen Erkl\u00e4rung (z. B. ein mit der Post versandter Brief oder eine E-Mail) \u00fcber Ihren Entschluss, diesen Vertrag zu widerrufen, informieren. Sie k\u00f6nnen daf\u00fcr das beigef\u00fcgte Muster-Widerrufsformular verwenden, das jedoch nicht vorgeschrieben ist.<\/p>\n<p>Zur Wahrung der Widerrufsfrist reicht es aus, dass Sie die Mitteilung \u00fcber die Aus\u00fcbung des Widerrufsrechts vor Ablauf der Widerrufsfrist absenden.<\/p>\n<h3>Folgen des Widerrufs<\/h3>\n<p>Wenn Sie diesen Vertrag widerrufen, haben wir Ihnen alle Zahlungen, die wir von Ihnen erhalten haben, unverz\u00fcglich und sp\u00e4testens binnen 14 Tagen ab dem Tag zur\u00fcckzuzahlen, an dem die Mitteilung \u00fcber Ihren Widerruf bei uns eingegangen ist.<\/p>\n<p>F\u00fcr diese R\u00fcckzahlung verwenden wir dasselbe Zahlungsmittel, das Sie bei der urspr\u00fcnglichen Transaktion eingesetzt haben, es sei denn, mit Ihnen wurde ausdr\u00fccklich etwas anderes vereinbart. Ihnen werden wegen dieser R\u00fcckzahlung keine Entgelte berechnet.<\/p>\n<h3>Besondere Hinweise<\/h3>\n<h4><\/h4>\n<h4>Dienstleistungen (z. B. Coachings, Live-Online-Trainings):<\/h4>\n<p>Haben Sie verlangt, dass wir bereits w\u00e4hrend der Widerrufsfrist mit der Leistungserbringung beginnen sollen, so haben Sie uns einen angemessenen Betrag zu zahlen, der dem Anteil der bis zu diesem Zeitpunkt erbrachten Leistungen entspricht.<\/p>\n<p>Das Widerrufsrecht erlischt, wenn die Leistung vollst\u00e4ndig erbracht wurde und wir mit der Ausf\u00fchrung erst begonnen haben, nachdem Sie dazu Ihre ausdr\u00fcckliche Zustimmung gegeben und gleichzeitig Ihre Kenntnis best\u00e4tigt haben, dass Sie bei vollst\u00e4ndiger Vertragserf\u00fcllung Ihr Widerrufsrecht verlieren.<\/p>\n<h4>Digitale Inhalte (z. B. Online-Kurse):<\/h4>\n<p>Das Widerrufsrecht erlischt, wenn wir den digitalen Inhalt vollst\u00e4ndig bereitgestellt haben und Sie ausdr\u00fccklich zugestimmt haben, dass wir mit der Ausf\u00fchrung vor Ablauf der Widerrufsfrist beginnen, und Sie best\u00e4tigt haben, dass Sie dadurch Ihr Widerrufsrecht verlieren.<\/p>\n<h4>Tickets f\u00fcr Live-Events (z. B. Konzerte, Retreats, Workshops):<\/h4>\n<p>F\u00fcr Vertr\u00e4ge zur Erbringung von Dienstleistungen im Zusammenhang mit Freizeitbet\u00e4tigungen mit festem Termin oder Zeitraum (\u00a7 312g Abs. 2 Nr. 9 BGB) besteht kein Widerrufsrecht. Tickets sind daher vom Widerruf ausgeschlossen.<\/p>\n<h3>Muster-Widerrufsformular<\/h3>\n<p><strong>Hinweis:<\/strong> Unten ist das gesetzlich vorgeschriebene Muster-Widerrufsformular. Es muss nicht zwingend verwendet werden. Sie k\u00f6nnen den Widerruf auch formlos per E-Mail an &#104;&#x65;l&#108;&#x6f;&#64;&#107;&#x69;r&#98;&#x61;n&#117;&#x2e;c&#111;&#x6d; erkl\u00e4ren.<\/p>\n<p>An:<br \/>\nNicole Kirbanu Klein<br \/>\nLangstra\u00dfe 42A<br \/>\n68169 Mannheim<br \/>\nE-Mail: &#104;&#x65;&#108;&#x6c;&#111;&#x40;k&#x69;r&#x62;a&#110;&#x75;&#46;&#x63;&#111;&#x6d;<\/p>\n<p>Hiermit widerrufe(n) ich\/wir () den von mir\/uns () abgeschlossenen Vertrag \u00fcber den Kauf der folgenden Waren \/ die Erbringung der folgenden Dienstleistung (*)<\/p>\n<p>Bestellt am () \/ erhalten am ()<\/p>\n<p>Name des\/der Verbraucher(s)<\/p>\n<p>Anschrift des\/der Verbraucher(s)<\/p>\n<p>Unterschrift des\/der Verbraucher(s) (nur bei Mitteilung auf Papier)<\/p>\n<p>Datum<br \/>\n(*) Unzutreffendes streichen.[\/vc_column_text][\/vc_column][\/vc_row]\n","protected":false},"excerpt":{"rendered":"<p>[vc_row type=&#8220;in_container&#8220; full_screen_row_position=&#8220;middle&#8220; column_margin=&#8220;default&#8220; column_direction=&#8220;default&#8220; column_direction_tablet=&#8220;default&#8220; column_direction_phone=&#8220;default&#8220; scene_position=&#8220;center&#8220; text_color=&#8220;dark&#8220; text_align=&#8220;left&#8220; row_border_radius=&#8220;none&#8220; row_border_radius_applies=&#8220;bg&#8220; overflow=&#8220;visible&#8220; overlay_strength=&#8220;0.3&#8243; gradient_direction=&#8220;left_to_right&#8220; shape_divider_position=&#8220;bottom&#8220; bg_image_animation=&#8220;none&#8220;][vc_column column_padding=&#8220;no-extra-padding&#8220; column_padding_tablet=&#8220;inherit&#8220; column_padding_phone=&#8220;inherit&#8220; column_padding_position=&#8220;all&#8220; column_element_direction_desktop=&#8220;default&#8220; column_element_spacing=&#8220;default&#8220; desktop_text_alignment=&#8220;default&#8220; tablet_text_alignment=&#8220;default&#8220; phone_text_alignment=&#8220;default&#8220; background_color_opacity=&#8220;1&#8243; background_hover_color_opacity=&#8220;1&#8243; column_backdrop_filter=&#8220;none&#8220; column_shadow=&#8220;none&#8220;&#8230;<\/p>\n","protected":false},"author":1,"featured_media":0,"parent":0,"menu_order":0,"comment_status":"closed","ping_status":"closed","template":"","meta":{"footnotes":"","_links_to":"","_links_to_target":""},"class_list":["post-17046","page","type-page","status-publish"],"_links":{"self":[{"href":"https:\/\/kirbanu.com\/de\/wp-json\/wp\/v2\/pages\/17046","targetHints":{"allow":["GET"]}}],"collection":[{"href":"https:\/\/kirbanu.com\/de\/wp-json\/wp\/v2\/pages"}],"about":[{"href":"https:\/\/kirbanu.com\/de\/wp-json\/wp\/v2\/types\/page"}],"author":[{"embeddable":true,"href":"https:\/\/kirbanu.com\/de\/wp-json\/wp\/v2\/users\/1"}],"replies":[{"embeddable":true,"href":"https:\/\/kirbanu.com\/de\/wp-json\/wp\/v2\/comments?post=17046"}],"version-history":[{"count":3,"href":"https:\/\/kirbanu.com\/de\/wp-json\/wp\/v2\/pages\/17046\/revisions"}],"predecessor-version":[{"id":17049,"href":"https:\/\/kirbanu.com\/de\/wp-json\/wp\/v2\/pages\/17046\/revisions\/17049"}],"wp:attachment":[{"href":"https:\/\/kirbanu.com\/de\/wp-json\/wp\/v2\/media?parent=17046"}],"curies":[{"name":"wp","href":"https:\/\/api.w.org\/{rel}","templated":true}]}}